{"id":240,"date":"2025-07-09T15:24:19","date_gmt":"2025-07-09T07:24:19","guid":{"rendered":"https:\/\/punchuk.com\/?post_type=product&#038;p=240"},"modified":"2025-08-29T23:49:08","modified_gmt":"2025-08-29T15:49:08","slug":"clip-in-ceiling","status":"publish","type":"product","link":"https:\/\/punchuk.com\/es\/producto\/clip-in-ceiling\/","title":{"rendered":"Techo de metal de aluminio"},"content":{"rendered":"<div data-elementor-type=\"product-post\" data-elementor-id=\"240\" class=\"elementor elementor-240\" data-elementor-post-type=\"product\">\n\t\t\t\t<div class=\"elementor-element elementor-element-8d0741d e-flex e-con-boxed e-con e-parent\" data-id=\"8d0741d\" data-element_type=\"container\">\n\t\t\t\t\t<div class=\"e-con-inner\">\n\t\t<div class=\"elementor-element elementor-element-2ad04ce e-con-full e-flex e-con e-child\" data-id=\"2ad04ce\" data-element_type=\"container\">\n\t\t\t\t<div class=\"elementor-element elementor-element-14a26c7 elementor-widget__width-auto elementor-widget elementor-widget-heading\" data-id=\"14a26c7\" data-element_type=\"widget\" data-widget_type=\"heading.default\">\n\t\t\t\t\t<h2 class=\"elementor-heading-title elementor-size-default\">Descripci\u00f3n<\/h2>\t\t\t\t<\/div>\n\t\t\t\t<\/div>\n\t\t\t\t<div class=\"elementor-element elementor-element-f786488 elementor-widget elementor-widget-text-editor\" data-id=\"f786488\" data-element_type=\"widget\" data-widget_type=\"text-editor.default\">\n\t\t\t\t\t\t\t\t\t<table><tbody><tr><td width=\"99\"><p><strong><b>Producto<\/b><\/strong><\/p><\/td><td width=\"307\"><p>Clip en el techo<\/p><\/td><td width=\"239\"><p>\u00a0<\/p><\/td><\/tr><tr><td width=\"99\"><p><strong><b>Material<\/b><\/strong><\/p><\/td><td width=\"307\"><p>Aleaci\u00f3n de aluminio (1100\/3003)<\/p><\/td><td width=\"239\"><p>Para m\u00e1s opciones de materiales, contacte con nosotros.<\/p><\/td><\/tr><tr><td width=\"99\"><p><strong><b>Superficie<\/b><\/strong><strong><b>\u00a0Tratamiento<\/b><\/strong><\/p><\/td><td width=\"307\"><p>Recubrimiento en polvo, recubrimiento con rodillo, recubrimiento con pel\u00edcula<\/p><\/td><td width=\"239\"><p>Para m\u00e1s tratamientos de superficie, contacte con nosotros.<\/p><\/td><\/tr><tr><td width=\"99\"><p><strong><b>Forma<\/b><\/strong><\/p><\/td><td width=\"307\"><p>Cuadrado<\/p><\/td><td width=\"239\"><p>\u00a0<\/p><\/td><\/tr><tr><td width=\"99\"><p><strong><b>Certificado<\/b><\/strong><\/p><\/td><td width=\"307\"><p>ISO, SGS<\/p><\/td><td width=\"239\"><p>\u00a0<\/p><\/td><\/tr><tr><td width=\"99\"><p><strong><b>Detalles del embalaje<\/b><\/strong><\/p><\/td><td width=\"307\"><p>Caja de cart\u00f3n<\/p><\/td><td width=\"239\"><p>\u00a0<\/p><\/td><\/tr><tr><td width=\"99\"><p><strong><b>Plazo de entrega<\/b><\/strong><\/p><\/td><td width=\"307\"><p>Aproximadamente 20 d\u00edas despu\u00e9s de recibir el dep\u00f3sito.<\/p><\/td><td width=\"239\"><p>\u00a0<\/p><\/td><\/tr><tr><td width=\"99\"><p><strong><b>Solicitud<\/b><\/strong><\/p><\/td><td colspan=\"2\" width=\"547\"><p>Cocina, ba\u00f1o, dormitorio, sala de estar o incluso una gran superficie de lugares, como hoteles, tiendas, oficinas, hospitales, etc.<\/p><\/td><\/tr><tr><td width=\"99\"><p><strong><b>Ventaja<\/b><\/strong><\/p><\/td><td colspan=\"2\" width=\"547\"><p>1. La costura plana est\u00e1 cerrada<\/p><p>2. Percha oculta<\/p><p>3. La superficie es lisa, sencilla y generosa.<\/p><p>4. Protecci\u00f3n contra incendios, a prueba de corrosi\u00f3n, antioxidante, protecci\u00f3n del medio ambiente, durabilidad.<\/p><p>5. Cada placa de refuerzo se puede desmontar de forma independiente, lo que resulta conveniente para la construcci\u00f3n y el mantenimiento de limpieza.<\/p><\/td><\/tr><\/tbody><\/table>\t\t\t\t\t\t\t\t<\/div>\n\t\t<div class=\"elementor-element elementor-element-5928028 e-con-full e-flex e-con e-child\" data-id=\"5928028\" data-element_type=\"container\">\n\t\t\t\t<div class=\"elementor-element elementor-element-8d47693 elementor-widget__width-auto elementor-widget elementor-widget-heading\" data-id=\"8d47693\" data-element_type=\"widget\" data-widget_type=\"heading.default\">\n\t\t\t\t\t<h2 class=\"elementor-heading-title elementor-size-default\">Especificaci\u00f3n del producto<\/h2>\t\t\t\t<\/div>\n\t\t\t\t<\/div>\n\t\t\t\t<div class=\"elementor-element elementor-element-7382c40 elementor-widget elementor-widget-text-editor\" data-id=\"7382c40\" data-element_type=\"widget\" data-widget_type=\"text-editor.default\">\n\t\t\t\t\t\t\t\t\t<table><tbody><tr><td width=\"77\"><p><strong><b>Tama\u00f1o (mm)<\/b><\/strong><\/p><\/td><td width=\"119\"><p><strong><b>Altura lateral (mm)<\/b><\/strong><\/p><\/td><td width=\"79\"><p><strong><b>Espesor (mm)<\/b><\/strong><\/p><\/td><td width=\"172\"><p><strong><b>Tipo de borde<\/b><\/strong><\/p><\/td><td width=\"202\"><p><strong><b>TIPO<\/b><\/strong><\/p><\/td><\/tr><tr><td width=\"77\"><p>300*300<\/p><\/td><td width=\"119\"><p>18 mm o OEM<\/p><\/td><td width=\"79\"><p>0.4-1.0<\/p><\/td><td width=\"172\"><p>Borde biselado\/cuadrado<\/p><\/td><td width=\"202\"><p>Panel, agujeros diagonales, \u00f81,8 mm, \u00f82,3 mm, \u00f83,0 mm (el \u00f8 puede ser OEM)<\/p><\/td><\/tr><tr><td width=\"77\"><p>300*600<\/p><\/td><td width=\"119\"><p>18 mm o OEM<\/p><\/td><td width=\"79\"><p>0.45-1.0<\/p><\/td><td width=\"172\"><p>Borde biselado\/cuadrado<\/p><\/td><td width=\"202\"><p>Panel, \u00f81,8 mm, \u00f82,3 mm, \u00f83,0 mm (el \u00f8 puede ser OEM)<\/p><\/td><\/tr><tr><td width=\"77\"><p>400*400<\/p><\/td><td width=\"119\"><p>18 mm o OEM<\/p><\/td><td width=\"79\"><p>0.45-1.0<\/p><\/td><td width=\"172\"><p>Borde biselado\/cuadrado<\/p><\/td><td width=\"202\"><p>Panel, \u00f81,8 mm, \u00f82,3 mm, \u00f83,0 mm (el \u00f8 puede ser OEM)<\/p><\/td><\/tr><tr><td width=\"77\"><p>500*500<\/p><\/td><td width=\"119\"><p>18 mm o OEM<\/p><\/td><td width=\"79\"><p>0.45-1.0<\/p><\/td><td width=\"172\"><p>Borde biselado\/cuadrado<\/p><\/td><td width=\"202\"><p>Panel, \u00f81,8 mm, \u00f82,3 mm, \u00f83,0 mm (el \u00f8 puede ser OEM)<\/p><\/td><\/tr><tr><td width=\"77\"><p>600*600<\/p><\/td><td width=\"119\"><p>18 mm o OEM<\/p><\/td><td width=\"79\"><p>0.45-1.2<\/p><\/td><td width=\"172\"><p>Borde biselado\/cuadrado<\/p><\/td><td width=\"202\"><p>Panel, agujeros diagonales, \u00f81,8 mm, \u00f82,3 mm, \u00f83,0 mm (el \u00f8 puede ser OEM)<\/p><\/td><\/tr><tr><td width=\"77\"><p>800*800<\/p><\/td><td width=\"119\"><p>18 mm o OEM<\/p><\/td><td width=\"79\"><p>0.9-1.0<\/p><\/td><td width=\"172\"><p>Borde biselado\/cuadrado<\/p><\/td><td width=\"202\"><p>Panel, \u00f81,8 mm, \u00f82,3 mm, \u00f83,0 mm (el \u00f8 puede ser OEM)<\/p><\/td><\/tr><tr><td width=\"77\"><p>300*1200<\/p><\/td><td width=\"119\"><p>18 mm o OEM<\/p><\/td><td width=\"79\"><p>0.7-1.0<\/p><\/td><td width=\"172\"><p>Borde biselado\/cuadrado<\/p><\/td><td width=\"202\"><p>Panel, \u00f81,8 mm, \u00f82,3 mm, \u00f83,0 mm (el \u00f8 puede ser OEM)<\/p><\/td><\/tr><tr><td width=\"77\"><p>400*1200<\/p><\/td><td width=\"119\"><p>18 mm o OEM<\/p><\/td><td width=\"79\"><p>0.7-1.0<\/p><\/td><td width=\"172\"><p>Borde biselado\/cuadrado<\/p><\/td><td width=\"202\"><p>Panel, \u00f81,8 mm, \u00f82,3 mm, \u00f83,0 mm (el \u00f8 puede ser OEM)<\/p><\/td><\/tr><tr><td width=\"77\"><p>600*1200<\/p><\/td><td width=\"119\"><p>18 mm o OEM<\/p><\/td><td width=\"79\"><p>0.75-1.2<\/p><\/td><td width=\"172\"><p>Borde biselado\/cuadrado<\/p><\/td><td width=\"202\"><p>Panel, agujeros diagonales, \u00f81,8 mm, \u00f82,3 mm, \u00f83,0 mm (el \u00f8 puede ser OEM)<\/p><\/td><\/tr><\/tbody><\/table>\t\t\t\t\t\t\t\t<\/div>\n\t\t<div class=\"elementor-element elementor-element-f85d565 e-con-full e-flex e-con e-child\" data-id=\"f85d565\" data-element_type=\"container\">\n\t\t\t\t<div class=\"elementor-element elementor-element-c00545a elementor-widget__width-auto elementor-widget elementor-widget-heading\" data-id=\"c00545a\" data-element_type=\"widget\" data-widget_type=\"heading.default\">\n\t\t\t\t\t<h2 class=\"elementor-heading-title elementor-size-default\">Instalaci\u00f3n<\/h2>\t\t\t\t<\/div>\n\t\t\t\t<\/div>\n\t\t\t\t<div class=\"elementor-element elementor-element-4b2f8be elementor-widget elementor-widget-text-editor\" data-id=\"4b2f8be\" data-element_type=\"widget\" data-widget_type=\"text-editor.default\">\n\t\t\t\t\t\t\t\t\t<ol><li>De acuerdo con la misma altura del nivel, instale el \u00e1ngulo de la pared;<\/li><li>Levante la quilla principal 38# de acuerdo con el espaciado apropiado, el espaciado general es de 1-2 metros, el colgador de la quilla principal 38# se distribuye de acuerdo con las disposiciones de la quilla principal 38#;<\/li><li>Coloque la quilla triangular y su soporte debajo de la quilla principal del 38# en direcci\u00f3n vertical. La separaci\u00f3n de la quilla triangular se determina por el ancho de la cartela y debe ajustarse al mismo nivel despu\u00e9s de la instalaci\u00f3n.<\/li><li>Presione ligeramente los dos lados paralelos de la placa de refuerzo en la uni\u00f3n de la quilla triangular. Primero, instale una hilera de techo en los lados transversal y longitudinal, asegur\u00e1ndose de que sean perpendiculares entre s\u00ed. Luego, instale el resto del techo.<\/li><li>Se deben usar guantes al instalar la superficie del panel. Si quedan huellas o manchas accidentalmente, se pueden limpiar con alcohol industrial y agua y secar.<\/li><\/ol>\t\t\t\t\t\t\t\t<\/div>\n\t\t\t\t<div class=\"elementor-element elementor-element-731e2a4 elementor-widget elementor-widget-image\" data-id=\"731e2a4\" data-element_type=\"widget\" data-widget_type=\"image.default\">\n\t\t\t\t\t\t\t\t\t\t\t\t\t\t\t<img fetchpriority=\"high\" decoding=\"async\" width=\"1558\" height=\"1135\" src=\"https:\/\/punchuk.com\/wp-content\/uploads\/Clip-in-Ceiling-Product-6.jpg\" class=\"attachment-large size-large wp-image-246\" alt=\"\" srcset=\"https:\/\/punchuk.com\/wp-content\/uploads\/Clip-in-Ceiling-Product-6.jpg 1558w, https:\/\/punchuk.com\/wp-content\/uploads\/Clip-in-Ceiling-Product-6-768x559.jpg 768w, https:\/\/punchuk.com\/wp-content\/uploads\/Clip-in-Ceiling-Product-6-1536x1119.jpg 1536w, https:\/\/punchuk.com\/wp-content\/uploads\/Clip-in-Ceiling-Product-6-300x219.jpg 300w, https:\/\/punchuk.com\/wp-content\/uploads\/Clip-in-Ceiling-Product-6-600x437.jpg 600w\" sizes=\"(max-width: 1558px) 100vw, 1558px\" \/>\t\t\t\t\t\t\t\t\t\t\t\t\t\t\t<\/div>\n\t\t<div class=\"elementor-element elementor-element-96dc206 e-con-full e-flex e-con e-child\" data-id=\"96dc206\" data-element_type=\"container\">\n\t\t\t\t<div class=\"elementor-element elementor-element-7e11385 elementor-widget__width-auto elementor-widget elementor-widget-heading\" data-id=\"7e11385\" data-element_type=\"widget\" data-widget_type=\"heading.default\">\n\t\t\t\t\t<h2 class=\"elementor-heading-title elementor-size-default\">Ejemplos<\/h2>\t\t\t\t<\/div>\n\t\t\t\t<\/div>\n\t\t\t\t<div class=\"elementor-element elementor-element-8b4438b elementor-widget elementor-widget-gallery\" data-id=\"8b4438b\" data-element_type=\"widget\" data-settings=\"{&quot;gallery_layout&quot;:&quot;masonry&quot;,&quot;columns&quot;:3,&quot;lazyload&quot;:&quot;yes&quot;,&quot;columns_tablet&quot;:2,&quot;columns_mobile&quot;:1,&quot;gap&quot;:{&quot;unit&quot;:&quot;px&quot;,&quot;size&quot;:10,&quot;sizes&quot;:[]},&quot;gap_tablet&quot;:{&quot;unit&quot;:&quot;px&quot;,&quot;size&quot;:10,&quot;sizes&quot;:[]},&quot;gap_mobile&quot;:{&quot;unit&quot;:&quot;px&quot;,&quot;size&quot;:10,&quot;sizes&quot;:[]},&quot;link_to&quot;:&quot;file&quot;,&quot;overlay_background&quot;:&quot;yes&quot;,&quot;content_hover_animation&quot;:&quot;fade-in&quot;}\" data-widget_type=\"gallery.default\">\n\t\t\t\t\t\t\t<div class=\"elementor-gallery__container\">\n\t\t\t\t\t\t\t<a class=\"e-gallery-item elementor-gallery-item elementor-animated-content\" href=\"https:\/\/punchuk.com\/wp-content\/uploads\/c84b9507-ca83-4e96-9619-d1d8ac297ce1.jpg\" data-elementor-open-lightbox=\"yes\" data-elementor-lightbox-slideshow=\"8b4438b\" data-elementor-lightbox-title=\"c84b9507-ca83-4e96-9619-d1d8ac297ce1\" data-e-action-hash=\"#elementor-action%3Aaction%3Dlightbox%26settings%3DeyJpZCI6MTAyOCwidXJsIjoiaHR0cHM6XC9cL3B1bmNodWsuY29tXC93cC1jb250ZW50XC91cGxvYWRzXC9jODRiOTUwNy1jYTgzLTRlOTYtOTYxOS1kMWQ4YWMyOTdjZTEuanBnIiwic2xpZGVzaG93IjoiOGI0NDM4YiJ9\">\n\t\t\t\t\t<div class=\"e-gallery-image elementor-gallery-item__image\" data-thumbnail=\"https:\/\/punchuk.com\/wp-content\/uploads\/c84b9507-ca83-4e96-9619-d1d8ac297ce1.jpg\" data-width=\"2000\" data-height=\"2192\" aria-label=\"\" role=\"img\" ><\/div>\n\t\t\t\t\t\t\t\t\t\t\t<div class=\"elementor-gallery-item__overlay\"><\/div>\n\t\t\t\t\t\t\t\t\t\t\t\t\t\t<\/a>\n\t\t\t\t\t\t\t<a class=\"e-gallery-item elementor-gallery-item elementor-animated-content\" href=\"https:\/\/punchuk.com\/wp-content\/uploads\/bd4ef7d9-02e5-48db-9521-3c480c52db77.jpg\" data-elementor-open-lightbox=\"yes\" data-elementor-lightbox-slideshow=\"8b4438b\" data-elementor-lightbox-title=\"bd4ef7d9-02e5-48db-9521-3c480c52db77\" data-e-action-hash=\"#elementor-action%3Aaction%3Dlightbox%26settings%3DeyJpZCI6MTAyNywidXJsIjoiaHR0cHM6XC9cL3B1bmNodWsuY29tXC93cC1jb250ZW50XC91cGxvYWRzXC9iZDRlZjdkOS0wMmU1LTQ4ZGItOTUyMS0zYzQ4MGM1MmRiNzcuanBnIiwic2xpZGVzaG93IjoiOGI0NDM4YiJ9\">\n\t\t\t\t\t<div class=\"e-gallery-image elementor-gallery-item__image\" data-thumbnail=\"https:\/\/punchuk.com\/wp-content\/uploads\/bd4ef7d9-02e5-48db-9521-3c480c52db77.jpg\" data-width=\"1820\" data-height=\"1600\" aria-label=\"\" role=\"img\" ><\/div>\n\t\t\t\t\t\t\t\t\t\t\t<div class=\"elementor-gallery-item__overlay\"><\/div>\n\t\t\t\t\t\t\t\t\t\t\t\t\t\t<\/a>\n\t\t\t\t\t\t\t<a class=\"e-gallery-item elementor-gallery-item elementor-animated-content\" href=\"https:\/\/punchuk.com\/wp-content\/uploads\/Clip-in-Ceiling-Showcase-2.jpg\" data-elementor-open-lightbox=\"yes\" data-elementor-lightbox-slideshow=\"8b4438b\" data-elementor-lightbox-title=\"Clip in Ceiling Showcase (2)\" data-e-action-hash=\"#elementor-action%3Aaction%3Dlightbox%26settings%3DeyJpZCI6MjYwLCJ1cmwiOiJodHRwczpcL1wvcHVuY2h1ay5jb21cL3dwLWNvbnRlbnRcL3VwbG9hZHNcL0NsaXAtaW4tQ2VpbGluZy1TaG93Y2FzZS0yLmpwZyIsInNsaWRlc2hvdyI6IjhiNDQzOGIifQ%3D%3D\">\n\t\t\t\t\t<div class=\"e-gallery-image elementor-gallery-item__image\" data-thumbnail=\"https:\/\/punchuk.com\/wp-content\/uploads\/Clip-in-Ceiling-Showcase-2.jpg\" data-width=\"1920\" data-height=\"2222\" aria-label=\"\" role=\"img\" ><\/div>\n\t\t\t\t\t\t\t\t\t\t\t<div class=\"elementor-gallery-item__overlay\"><\/div>\n\t\t\t\t\t\t\t\t\t\t\t\t\t\t<\/a>\n\t\t\t\t\t\t\t<a class=\"e-gallery-item elementor-gallery-item elementor-animated-content\" href=\"https:\/\/punchuk.com\/wp-content\/uploads\/Clip-in-Ceiling-Showcase-4.jpg\" data-elementor-open-lightbox=\"yes\" data-elementor-lightbox-slideshow=\"8b4438b\" data-elementor-lightbox-title=\"Clip in Ceiling Showcase (4)\" data-e-action-hash=\"#elementor-action%3Aaction%3Dlightbox%26settings%3DeyJpZCI6MjYyLCJ1cmwiOiJodHRwczpcL1wvcHVuY2h1ay5jb21cL3dwLWNvbnRlbnRcL3VwbG9hZHNcL0NsaXAtaW4tQ2VpbGluZy1TaG93Y2FzZS00LmpwZyIsInNsaWRlc2hvdyI6IjhiNDQzOGIifQ%3D%3D\">\n\t\t\t\t\t<div class=\"e-gallery-image elementor-gallery-item__image\" data-thumbnail=\"https:\/\/punchuk.com\/wp-content\/uploads\/Clip-in-Ceiling-Showcase-4.jpg\" data-width=\"896\" data-height=\"1920\" aria-label=\"\" role=\"img\" ><\/div>\n\t\t\t\t\t\t\t\t\t\t\t<div class=\"elementor-gallery-item__overlay\"><\/div>\n\t\t\t\t\t\t\t\t\t\t\t\t\t\t<\/a>\n\t\t\t\t\t\t\t<a class=\"e-gallery-item elementor-gallery-item elementor-animated-content\" href=\"https:\/\/punchuk.com\/wp-content\/uploads\/Clip-in-Ceiling-Showcase-1.jpg\" data-elementor-open-lightbox=\"yes\" data-elementor-lightbox-slideshow=\"8b4438b\" data-elementor-lightbox-title=\"Clip in Ceiling Showcase (1)\" data-e-action-hash=\"#elementor-action%3Aaction%3Dlightbox%26settings%3DeyJpZCI6MjU5LCJ1cmwiOiJodHRwczpcL1wvcHVuY2h1ay5jb21cL3dwLWNvbnRlbnRcL3VwbG9hZHNcL0NsaXAtaW4tQ2VpbGluZy1TaG93Y2FzZS0xLmpwZyIsInNsaWRlc2hvdyI6IjhiNDQzOGIifQ%3D%3D\">\n\t\t\t\t\t<div class=\"e-gallery-image elementor-gallery-item__image\" data-thumbnail=\"https:\/\/punchuk.com\/wp-content\/uploads\/Clip-in-Ceiling-Showcase-1.jpg\" data-width=\"1920\" data-height=\"1529\" aria-label=\"\" role=\"img\" ><\/div>\n\t\t\t\t\t\t\t\t\t\t\t<div class=\"elementor-gallery-item__overlay\"><\/div>\n\t\t\t\t\t\t\t\t\t\t\t\t\t\t<\/a>\n\t\t\t\t\t\t\t<a class=\"e-gallery-item elementor-gallery-item elementor-animated-content\" href=\"https:\/\/punchuk.com\/wp-content\/uploads\/Clip-in-Ceiling-Showcase-5.jpg\" data-elementor-open-lightbox=\"yes\" data-elementor-lightbox-slideshow=\"8b4438b\" data-elementor-lightbox-title=\"Clip in Ceiling Showcase (5)\" data-e-action-hash=\"#elementor-action%3Aaction%3Dlightbox%26settings%3DeyJpZCI6MjYzLCJ1cmwiOiJodHRwczpcL1wvcHVuY2h1ay5jb21cL3dwLWNvbnRlbnRcL3VwbG9hZHNcL0NsaXAtaW4tQ2VpbGluZy1TaG93Y2FzZS01LmpwZyIsInNsaWRlc2hvdyI6IjhiNDQzOGIifQ%3D%3D\">\n\t\t\t\t\t<div class=\"e-gallery-image elementor-gallery-item__image\" data-thumbnail=\"https:\/\/punchuk.com\/wp-content\/uploads\/Clip-in-Ceiling-Showcase-5.jpg\" data-width=\"896\" data-height=\"1920\" aria-label=\"\" role=\"img\" ><\/div>\n\t\t\t\t\t\t\t\t\t\t\t<div class=\"elementor-gallery-item__overlay\"><\/div>\n\t\t\t\t\t\t\t\t\t\t\t\t\t\t<\/a>\n\t\t\t\t\t\t\t<a class=\"e-gallery-item elementor-gallery-item elementor-animated-content\" href=\"https:\/\/punchuk.com\/wp-content\/uploads\/Clip-in-Ceiling-Showcase-6.jpg\" data-elementor-open-lightbox=\"yes\" data-elementor-lightbox-slideshow=\"8b4438b\" data-elementor-lightbox-title=\"Clip in Ceiling Showcase (6)\" data-e-action-hash=\"#elementor-action%3Aaction%3Dlightbox%26settings%3DeyJpZCI6MjY0LCJ1cmwiOiJodHRwczpcL1wvcHVuY2h1ay5jb21cL3dwLWNvbnRlbnRcL3VwbG9hZHNcL0NsaXAtaW4tQ2VpbGluZy1TaG93Y2FzZS02LmpwZyIsInNsaWRlc2hvdyI6IjhiNDQzOGIifQ%3D%3D\">\n\t\t\t\t\t<div class=\"e-gallery-image elementor-gallery-item__image\" data-thumbnail=\"https:\/\/punchuk.com\/wp-content\/uploads\/Clip-in-Ceiling-Showcase-6.jpg\" data-width=\"896\" data-height=\"1920\" aria-label=\"\" role=\"img\" ><\/div>\n\t\t\t\t\t\t\t\t\t\t\t<div class=\"elementor-gallery-item__overlay\"><\/div>\n\t\t\t\t\t\t\t\t\t\t\t\t\t\t<\/a>\n\t\t\t\t\t\t\t<a class=\"e-gallery-item elementor-gallery-item elementor-animated-content\" href=\"https:\/\/punchuk.com\/wp-content\/uploads\/Clip-in-Ceiling-Showcase-3.jpg\" data-elementor-open-lightbox=\"yes\" data-elementor-lightbox-slideshow=\"8b4438b\" data-elementor-lightbox-title=\"Clip in Ceiling Showcase (3)\" data-e-action-hash=\"#elementor-action%3Aaction%3Dlightbox%26settings%3DeyJpZCI6MjYxLCJ1cmwiOiJodHRwczpcL1wvcHVuY2h1ay5jb21cL3dwLWNvbnRlbnRcL3VwbG9hZHNcL0NsaXAtaW4tQ2VpbGluZy1TaG93Y2FzZS0zLmpwZyIsInNsaWRlc2hvdyI6IjhiNDQzOGIifQ%3D%3D\">\n\t\t\t\t\t<div class=\"e-gallery-image elementor-gallery-item__image\" data-thumbnail=\"https:\/\/punchuk.com\/wp-content\/uploads\/Clip-in-Ceiling-Showcase-3.jpg\" data-width=\"1920\" data-height=\"1406\" aria-label=\"\" role=\"img\" ><\/div>\n\t\t\t\t\t\t\t\t\t\t\t<div class=\"elementor-gallery-item__overlay\"><\/div>\n\t\t\t\t\t\t\t\t\t\t\t\t\t\t<\/a>\n\t\t\t\t\t\t\t<a class=\"e-gallery-item elementor-gallery-item elementor-animated-content\" href=\"https:\/\/punchuk.com\/wp-content\/uploads\/Clip-in-Ceiling-Showcase-7.jpg\" data-elementor-open-lightbox=\"yes\" data-elementor-lightbox-slideshow=\"8b4438b\" data-elementor-lightbox-title=\"Clip in Ceiling Showcase (7)\" data-e-action-hash=\"#elementor-action%3Aaction%3Dlightbox%26settings%3DeyJpZCI6MjY1LCJ1cmwiOiJodHRwczpcL1wvcHVuY2h1ay5jb21cL3dwLWNvbnRlbnRcL3VwbG9hZHNcL0NsaXAtaW4tQ2VpbGluZy1TaG93Y2FzZS03LmpwZyIsInNsaWRlc2hvdyI6IjhiNDQzOGIifQ%3D%3D\">\n\t\t\t\t\t<div class=\"e-gallery-image elementor-gallery-item__image\" data-thumbnail=\"https:\/\/punchuk.com\/wp-content\/uploads\/Clip-in-Ceiling-Showcase-7.jpg\" data-width=\"1920\" data-height=\"896\" aria-label=\"\" role=\"img\" ><\/div>\n\t\t\t\t\t\t\t\t\t\t\t<div class=\"elementor-gallery-item__overlay\"><\/div>\n\t\t\t\t\t\t\t\t\t\t\t\t\t\t<\/a>\n\t\t\t\t\t\t\t<a class=\"e-gallery-item elementor-gallery-item elementor-animated-content\" href=\"https:\/\/punchuk.com\/wp-content\/uploads\/84def436-9ec2-43eb-aeb0-219d7ede2352-scaled.jpg\" data-elementor-open-lightbox=\"yes\" data-elementor-lightbox-slideshow=\"8b4438b\" data-elementor-lightbox-title=\"84def436-9ec2-43eb-aeb0-219d7ede2352\" data-e-action-hash=\"#elementor-action%3Aaction%3Dlightbox%26settings%3DeyJpZCI6MTAyNiwidXJsIjoiaHR0cHM6XC9cL3B1bmNodWsuY29tXC93cC1jb250ZW50XC91cGxvYWRzXC84NGRlZjQzNi05ZWMyLTQzZWItYWViMC0yMTlkN2VkZTIzNTItc2NhbGVkLmpwZyIsInNsaWRlc2hvdyI6IjhiNDQzOGIifQ%3D%3D\">\n\t\t\t\t\t<div class=\"e-gallery-image elementor-gallery-item__image\" data-thumbnail=\"https:\/\/punchuk.com\/wp-content\/uploads\/84def436-9ec2-43eb-aeb0-219d7ede2352-scaled.jpg\" data-width=\"2259\" data-height=\"2560\" aria-label=\"\" role=\"img\" ><\/div>\n\t\t\t\t\t\t\t\t\t\t\t<div class=\"elementor-gallery-item__overlay\"><\/div>\n\t\t\t\t\t\t\t\t\t\t\t\t\t\t<\/a>\n\t\t\t\t\t<\/div>\n\t\t\t\t\t<\/div>\n\t\t\t\t\t<\/div>\n\t\t\t\t<\/div>\n\t\t\t\t<\/div>","protected":false},"excerpt":{"rendered":"<p>Description Product Clip in Ceiling Material Aluminum alloy\uff081100\/3003\uff09 More material choice can contact with us Surface\u00a0Treatment Powder coating, Roll coating, [&hellip;]<\/p>","protected":false},"featured_media":1062,"comment_status":"closed","ping_status":"closed","template":"","meta":{"site-sidebar-layout":"no-sidebar","site-content-layout":"","ast-site-content-layout":"full-width-container","site-content-style":"default","site-sidebar-style":"default","ast-global-header-display":"","ast-banner-title-visibility":"","ast-main-header-display":"","ast-hfb-above-header-display":"","ast-hfb-below-header-display":"","ast-hfb-mobile-header-display":"","site-post-title":"disabled","ast-breadcrumbs-content":"","ast-featured-img":"disabled","footer-sml-layout":"","theme-transparent-header-meta":"default","adv-header-id-meta":"","stick-header-meta":"","header-above-stick-meta":"","header-main-stick-meta":"","header-below-stick-meta":"","astra-migrate-meta-layouts":"set","ast-page-background-enabled":"default","ast-page-background-meta":{"desktop":{"background-color":"var(--ast-global-color-5)","background-image":"","background-repeat":"repeat","background-position":"center center","background-size":"auto","background-attachment":"scroll","background-type":"","background-media":"","overlay-type":"","overlay-color":"","overlay-opacity":"","overlay-gradient":""},"tablet":{"background-color":"","background-image":"","background-repeat":"repeat","background-position":"center center","background-size":"auto","background-attachment":"scroll","background-type":"","background-media":"","overlay-type":"","overlay-color":"","overlay-opacity":"","overlay-gradient":""},"mobile":{"background-color":"","background-image":"","background-repeat":"repeat","background-position":"center center","background-size":"auto","background-attachment":"scroll","background-type":"","background-media":"","overlay-type":"","overlay-color":"","overlay-opacity":"","overlay-gradient":""}},"ast-content-background-meta":{"desktop":{"background-color":"var(--ast-global-color-4)","background-image":"","background-repeat":"repeat","background-position":"center center","background-size":"auto","background-attachment":"scroll","background-type":"","background-media":"","overlay-type":"","overlay-color":"","overlay-opacity":"","overlay-gradient":""},"tablet":{"background-color":"var(--ast-global-color-4)","background-image":"","background-repeat":"repeat","background-position":"center center","background-size":"auto","background-attachment":"scroll","background-type":"","background-media":"","overlay-type":"","overlay-color":"","overlay-opacity":"","overlay-gradient":""},"mobile":{"background-color":"var(--ast-global-color-4)","background-image":"","background-repeat":"repeat","background-position":"center center","background-size":"auto","background-attachment":"scroll","background-type":"","background-media":"","overlay-type":"","overlay-color":"","overlay-opacity":"","overlay-gradient":""}}},"product_brand":[],"product_cat":[20],"product_tag":[],"class_list":{"0":"post-240","1":"product","2":"type-product","3":"status-publish","4":"has-post-thumbnail","6":"product_cat-aluminum-metal-ceiling","7":"desktop-align-left","8":"tablet-align-left","9":"mobile-align-left","11":"first","12":"instock","13":"shipping-taxable","14":"product-type-simple"},"_links":{"self":[{"href":"https:\/\/punchuk.com\/es\/wp-json\/wp\/v2\/product\/240","targetHints":{"allow":["GET"]}}],"collection":[{"href":"https:\/\/punchuk.com\/es\/wp-json\/wp\/v2\/product"}],"about":[{"href":"https:\/\/punchuk.com\/es\/wp-json\/wp\/v2\/types\/product"}],"replies":[{"embeddable":true,"href":"https:\/\/punchuk.com\/es\/wp-json\/wp\/v2\/comments?post=240"}],"version-history":[{"count":0,"href":"https:\/\/punchuk.com\/es\/wp-json\/wp\/v2\/product\/240\/revisions"}],"wp:featuredmedia":[{"embeddable":true,"href":"https:\/\/punchuk.com\/es\/wp-json\/wp\/v2\/media\/1062"}],"wp:attachment":[{"href":"https:\/\/punchuk.com\/es\/wp-json\/wp\/v2\/media?parent=240"}],"wp:term":[{"taxonomy":"product_brand","embeddable":true,"href":"https:\/\/punchuk.com\/es\/wp-json\/wp\/v2\/product_brand?post=240"},{"taxonomy":"product_cat","embeddable":true,"href":"https:\/\/punchuk.com\/es\/wp-json\/wp\/v2\/product_cat?post=240"},{"taxonomy":"product_tag","embeddable":true,"href":"https:\/\/punchuk.com\/es\/wp-json\/wp\/v2\/product_tag?post=240"}],"curies":[{"name":"wp","href":"https:\/\/api.w.org\/{rel}","templated":true}]}}