{"id":873,"date":"2025-08-04T14:04:39","date_gmt":"2025-08-04T06:04:39","guid":{"rendered":"https:\/\/punchuk.com\/?post_type=product&#038;p=873"},"modified":"2025-08-04T14:18:56","modified_gmt":"2025-08-04T06:18:56","slug":"modern-outdoor-perforated-painted-3d-aluminum-facade-panels","status":"publish","type":"product","link":"https:\/\/punchuk.com\/es\/producto\/modern-outdoor-perforated-painted-3d-aluminum-facade-panels\/","title":{"rendered":"Paneles de fachada de aluminio 3D perforados y pintados para exteriores modernos"},"content":{"rendered":"<div data-elementor-type=\"product-post\" data-elementor-id=\"873\" class=\"elementor elementor-873\" data-elementor-post-type=\"product\">\n\t\t\t\t<div class=\"elementor-element elementor-element-ff9e32b e-flex e-con-boxed e-con e-parent\" data-id=\"ff9e32b\" data-element_type=\"container\">\n\t\t\t\t\t<div class=\"e-con-inner\">\n\t\t<div class=\"elementor-element elementor-element-78ad863 e-con-full e-flex e-con e-child\" data-id=\"78ad863\" data-element_type=\"container\">\n\t\t\t\t<div class=\"elementor-element elementor-element-31663d6 elementor-widget__width-auto elementor-widget elementor-widget-heading\" data-id=\"31663d6\" data-element_type=\"widget\" data-widget_type=\"heading.default\">\n\t\t\t\t\t<h2 class=\"elementor-heading-title elementor-size-default\">Descripci\u00f3n<\/h2>\t\t\t\t<\/div>\n\t\t\t\t<\/div>\n\t\t\t\t<div class=\"elementor-element elementor-element-e24ec15 elementor-widget elementor-widget-text-editor\" data-id=\"e24ec15\" data-element_type=\"widget\" data-widget_type=\"text-editor.default\">\n\t\t\t\t\t\t\t\t\t<table><tbody><tr><td width=\"99\"><p><strong><b>Material<\/b><\/strong><\/p><\/td><td width=\"307\"><p>Aleaci\u00f3n de aluminio (1100\/3003)<\/p><\/td><td width=\"239\"><p>Para m\u00e1s opciones de materiales, contacte con nosotros.<\/p><\/td><\/tr><tr><td width=\"99\"><p><strong><b>Superficie<\/b><\/strong><strong><b>\u00a0Tratamiento<\/b><\/strong><\/p><\/td><td width=\"307\"><p>Recubrimiento en polvo, recubrimiento con rodillo, fluorocarbono<\/p><\/td><td width=\"239\"><p>Para m\u00e1s tratamientos de superficie, contacte con nosotros.<\/p><\/td><\/tr><tr><td width=\"99\"><p><strong><b>Forma<\/b><\/strong><\/p><\/td><td width=\"307\"><p>Fabricante de equipos originales (OEM), fabricante de dise\u00f1os originales (ODM)<\/p><\/td><td width=\"239\"><p>\u00a0<\/p><\/td><\/tr><tr><td width=\"99\"><p><strong><b>Certificado<\/b><\/strong><\/p><\/td><td width=\"307\"><p>ISO, SGS<\/p><\/td><td width=\"239\"><p>\u00a0<\/p><\/td><\/tr><tr><td width=\"99\"><p><strong><b>Detalles del embalaje<\/b><\/strong><\/p><\/td><td width=\"307\"><p>Cart\u00f3n, cajas de madera<\/p><\/td><td width=\"239\"><p>\u00a0<\/p><\/td><\/tr><tr><td width=\"99\"><p><strong><b>Plazo de entrega<\/b><\/strong><\/p><\/td><td width=\"307\"><p>Aproximadamente 30 d\u00edas despu\u00e9s de recibir el dep\u00f3sito.<\/p><\/td><td width=\"239\"><p>\u00a0<\/p><\/td><\/tr><tr><td width=\"99\"><p><strong><b>Solicitud<\/b><\/strong><\/p><\/td><td colspan=\"2\" width=\"547\"><p>La chapa de aluminio se est\u00e1 convirtiendo gradualmente en un miembro fuerte en la industria de la decoraci\u00f3n arquitect\u00f3nica, especialmente utilizada en el campo de los muros cortina interiores y exteriores.<\/p><\/td><\/tr><tr><td width=\"99\"><p><strong><b>Ventaja<\/b><\/strong><\/p><\/td><td colspan=\"2\" width=\"547\"><p>1. Peso ligero, alta resistencia, construcci\u00f3n e instalaci\u00f3n convenientes.<\/p><p>2. Amplia selecci\u00f3n de colores<\/p><p>Resistente a golpes, a prueba de agua, a prueba de fuego, antisuciedad y anticorrosi\u00f3n.<\/p><\/td><\/tr><\/tbody><\/table>\t\t\t\t\t\t\t\t<\/div>\n\t\t<div class=\"elementor-element elementor-element-a63bbce e-con-full e-flex e-con e-child\" data-id=\"a63bbce\" data-element_type=\"container\">\n\t\t\t\t<div class=\"elementor-element elementor-element-55d7b42 elementor-widget__width-auto elementor-widget elementor-widget-heading\" data-id=\"55d7b42\" data-element_type=\"widget\" data-widget_type=\"heading.default\">\n\t\t\t\t\t<h2 class=\"elementor-heading-title elementor-size-default\">Especificaci\u00f3n del producto<\/h2>\t\t\t\t<\/div>\n\t\t\t\t<\/div>\n\t\t\t\t<div class=\"elementor-element elementor-element-191bcfd elementor-widget elementor-widget-text-editor\" data-id=\"191bcfd\" data-element_type=\"widget\" data-widget_type=\"text-editor.default\">\n\t\t\t\t\t\t\t\t\t<table><tbody><tr><td colspan=\"3\" width=\"620\"><h3 style=\"text-align: center;\"><strong>Chapa de aluminio estandarizada<\/strong><\/h3><\/td><\/tr><tr><td width=\"101\"><p>Tama\u00f1o (mm)<\/p><\/td><td width=\"91\"><p>Espesor (mm)<\/p><\/td><td width=\"427\"><p>Ventaja<\/p><\/td><\/tr><tr><td width=\"101\"><p>OEM, ODM<\/p><\/td><td width=\"91\"><p>1.5-5.0<\/p><\/td><td width=\"427\"><p>1: Tama\u00f1o est\u00e1ndar, producci\u00f3n en masa y plazo de entrega r\u00e1pido;<\/p><p>2: Dise\u00f1o simple, no necesita una medici\u00f3n en el sitio por parte de un dise\u00f1ador profesional, solo una medici\u00f3n simple del tama\u00f1o general, los fabricantes pueden profundizar la producci\u00f3n del pedido de composici\u00f3n tipogr\u00e1fica;<\/p><p>3: instalaci\u00f3n r\u00e1pida, tama\u00f1o uniforme, marca de n\u00famero diferente, ahorrando mucho tiempo.<\/p><p>4: baja tasa de error, acorta efectivamente el per\u00edodo de construcci\u00f3n;<\/p><\/td><\/tr><tr><td colspan=\"3\" width=\"620\"><p>Para especificaciones especiales pueden contactarnos.<\/p><\/td><\/tr><\/tbody><\/table><p>\u00a0<\/p><p>\u00a0<\/p><table><tbody><tr><td colspan=\"3\" width=\"620\"><h3 style=\"text-align: center;\"><strong>Chapa de aluminio personalizada<\/strong><\/h3><\/td><\/tr><tr><td width=\"101\"><p>Tama\u00f1o (mm)<\/p><\/td><td width=\"80\"><p>Espesor (mm)<\/p><\/td><td width=\"438\"><p>Ventaja<\/p><\/td><\/tr><tr><td width=\"101\"><p>Toda personalizaci\u00f3n no est\u00e1ndar<\/p><\/td><td width=\"80\"><p>1.5-5.0<\/p><\/td><td width=\"438\"><p>1: procesamiento flexible, tama\u00f1o de placa personalizado arbitrario, se puede procesar en una variedad de modelos, el \u00e1ngulo se puede procesar en \u00e1ngulo, arco, modelado de hiperboloide.<\/p><p>2: Seg\u00fan los dibujos del cliente, el fabricante dise\u00f1a la regla de medici\u00f3n en el sitio y puede personalizar cualquier patr\u00f3n para lograr productos personalizados e ic\u00f3nicos.<\/p><\/td><\/tr><\/tbody><\/table>\t\t\t\t\t\t\t\t<\/div>\n\t\t<div class=\"elementor-element elementor-element-1be554a e-con-full e-flex e-con e-child\" data-id=\"1be554a\" data-element_type=\"container\">\n\t\t\t\t<div class=\"elementor-element elementor-element-eb90c7d elementor-widget__width-auto elementor-widget elementor-widget-heading\" data-id=\"eb90c7d\" data-element_type=\"widget\" data-widget_type=\"heading.default\">\n\t\t\t\t\t<h2 class=\"elementor-heading-title elementor-size-default\">Instalaci\u00f3n<\/h2>\t\t\t\t<\/div>\n\t\t\t\t<\/div>\n\t\t\t\t<div class=\"elementor-element elementor-element-eb44c77 elementor-widget elementor-widget-gallery\" data-id=\"eb44c77\" data-element_type=\"widget\" data-settings=\"{&quot;columns&quot;:1,&quot;gallery_layout&quot;:&quot;masonry&quot;,&quot;lazyload&quot;:&quot;yes&quot;,&quot;columns_tablet&quot;:2,&quot;columns_mobile&quot;:1,&quot;gap&quot;:{&quot;unit&quot;:&quot;px&quot;,&quot;size&quot;:10,&quot;sizes&quot;:[]},&quot;gap_tablet&quot;:{&quot;unit&quot;:&quot;px&quot;,&quot;size&quot;:10,&quot;sizes&quot;:[]},&quot;gap_mobile&quot;:{&quot;unit&quot;:&quot;px&quot;,&quot;size&quot;:10,&quot;sizes&quot;:[]},&quot;link_to&quot;:&quot;file&quot;,&quot;overlay_background&quot;:&quot;yes&quot;,&quot;content_hover_animation&quot;:&quot;fade-in&quot;}\" data-widget_type=\"gallery.default\">\n\t\t\t\t\t\t\t<div class=\"elementor-gallery__container\">\n\t\t\t\t\t\t\t<a class=\"e-gallery-item elementor-gallery-item elementor-animated-content\" href=\"https:\/\/punchuk.com\/wp-content\/uploads\/Aluminum-veneer-6.jpg\" data-elementor-open-lightbox=\"yes\" data-elementor-lightbox-slideshow=\"eb44c77\" data-elementor-lightbox-title=\"Aluminum veneer (6)\" data-e-action-hash=\"#elementor-action%3Aaction%3Dlightbox%26settings%3DeyJpZCI6NDM3LCJ1cmwiOiJodHRwczpcL1wvcHVuY2h1ay5jb21cL3dwLWNvbnRlbnRcL3VwbG9hZHNcL0FsdW1pbnVtLXZlbmVlci02LmpwZyIsInNsaWRlc2hvdyI6ImViNDRjNzcifQ%3D%3D\">\n\t\t\t\t\t<div class=\"e-gallery-image elementor-gallery-item__image\" data-thumbnail=\"https:\/\/punchuk.com\/wp-content\/uploads\/Aluminum-veneer-6.jpg\" data-width=\"1920\" data-height=\"2152\" aria-label=\"\" role=\"img\" ><\/div>\n\t\t\t\t\t\t\t\t\t\t\t<div class=\"elementor-gallery-item__overlay\"><\/div>\n\t\t\t\t\t\t\t\t\t\t\t\t\t\t<\/a>\n\t\t\t\t\t<\/div>\n\t\t\t\t\t<\/div>\n\t\t<div class=\"elementor-element elementor-element-d5d1fe1 e-con-full e-flex e-con e-child\" data-id=\"d5d1fe1\" data-element_type=\"container\">\n\t\t\t\t<div class=\"elementor-element elementor-element-5542171 elementor-widget__width-auto elementor-widget elementor-widget-heading\" data-id=\"5542171\" data-element_type=\"widget\" data-widget_type=\"heading.default\">\n\t\t\t\t\t<h2 class=\"elementor-heading-title elementor-size-default\">Ejemplos<\/h2>\t\t\t\t<\/div>\n\t\t\t\t<\/div>\n\t\t\t\t<div class=\"elementor-element elementor-element-5df293b elementor-widget elementor-widget-gallery\" data-id=\"5df293b\" data-element_type=\"widget\" data-settings=\"{&quot;gallery_layout&quot;:&quot;masonry&quot;,&quot;columns&quot;:3,&quot;lazyload&quot;:&quot;yes&quot;,&quot;columns_tablet&quot;:2,&quot;columns_mobile&quot;:1,&quot;gap&quot;:{&quot;unit&quot;:&quot;px&quot;,&quot;size&quot;:10,&quot;sizes&quot;:[]},&quot;gap_tablet&quot;:{&quot;unit&quot;:&quot;px&quot;,&quot;size&quot;:10,&quot;sizes&quot;:[]},&quot;gap_mobile&quot;:{&quot;unit&quot;:&quot;px&quot;,&quot;size&quot;:10,&quot;sizes&quot;:[]},&quot;link_to&quot;:&quot;file&quot;,&quot;overlay_background&quot;:&quot;yes&quot;,&quot;content_hover_animation&quot;:&quot;fade-in&quot;}\" data-widget_type=\"gallery.default\">\n\t\t\t\t\t\t\t<div class=\"elementor-gallery__container\">\n\t\t\t\t\t\t\t<a class=\"e-gallery-item elementor-gallery-item elementor-animated-content\" href=\"https:\/\/punchuk.com\/wp-content\/uploads\/2fbba05b-41e0-4bf9-b794-fe88c5b93fba-2.jpg\" data-elementor-open-lightbox=\"yes\" data-elementor-lightbox-slideshow=\"5df293b\" data-elementor-lightbox-title=\"2fbba05b-41e0-4bf9-b794-fe88c5b93fba (2)\" data-e-action-hash=\"#elementor-action%3Aaction%3Dlightbox%26settings%3DeyJpZCI6ODg0LCJ1cmwiOiJodHRwczpcL1wvcHVuY2h1ay5jb21cL3dwLWNvbnRlbnRcL3VwbG9hZHNcLzJmYmJhMDViLTQxZTAtNGJmOS1iNzk0LWZlODhjNWI5M2ZiYS0yLmpwZyIsInNsaWRlc2hvdyI6IjVkZjI5M2IifQ%3D%3D\">\n\t\t\t\t\t<div class=\"e-gallery-image elementor-gallery-item__image\" data-thumbnail=\"https:\/\/punchuk.com\/wp-content\/uploads\/2fbba05b-41e0-4bf9-b794-fe88c5b93fba-2.jpg\" data-width=\"1500\" data-height=\"2000\" aria-label=\"\" role=\"img\" ><\/div>\n\t\t\t\t\t\t\t\t\t\t\t<div class=\"elementor-gallery-item__overlay\"><\/div>\n\t\t\t\t\t\t\t\t\t\t\t\t\t\t<\/a>\n\t\t\t\t\t\t\t<a class=\"e-gallery-item elementor-gallery-item elementor-animated-content\" href=\"https:\/\/punchuk.com\/wp-content\/uploads\/22fe0dc5-fa9c-4b0b-b533-1028a991fa5c-scaled.jpg\" data-elementor-open-lightbox=\"yes\" data-elementor-lightbox-slideshow=\"5df293b\" data-elementor-lightbox-title=\"22fe0dc5-fa9c-4b0b-b533-1028a991fa5c\" data-e-action-hash=\"#elementor-action%3Aaction%3Dlightbox%26settings%3DeyJpZCI6ODg1LCJ1cmwiOiJodHRwczpcL1wvcHVuY2h1ay5jb21cL3dwLWNvbnRlbnRcL3VwbG9hZHNcLzIyZmUwZGM1LWZhOWMtNGIwYi1iNTMzLTEwMjhhOTkxZmE1Yy1zY2FsZWQuanBnIiwic2xpZGVzaG93IjoiNWRmMjkzYiJ9\">\n\t\t\t\t\t<div class=\"e-gallery-image elementor-gallery-item__image\" data-thumbnail=\"https:\/\/punchuk.com\/wp-content\/uploads\/22fe0dc5-fa9c-4b0b-b533-1028a991fa5c-scaled.jpg\" data-width=\"2560\" data-height=\"1919\" aria-label=\"\" role=\"img\" ><\/div>\n\t\t\t\t\t\t\t\t\t\t\t<div class=\"elementor-gallery-item__overlay\"><\/div>\n\t\t\t\t\t\t\t\t\t\t\t\t\t\t<\/a>\n\t\t\t\t\t\t\t<a class=\"e-gallery-item elementor-gallery-item elementor-animated-content\" href=\"https:\/\/punchuk.com\/wp-content\/uploads\/a5783002-94d7-48f1-abdb-7961ef47a166.jpg\" data-elementor-open-lightbox=\"yes\" data-elementor-lightbox-slideshow=\"5df293b\" data-elementor-lightbox-title=\"a5783002-94d7-48f1-abdb-7961ef47a166\" data-e-action-hash=\"#elementor-action%3Aaction%3Dlightbox%26settings%3DeyJpZCI6ODg2LCJ1cmwiOiJodHRwczpcL1wvcHVuY2h1ay5jb21cL3dwLWNvbnRlbnRcL3VwbG9hZHNcL2E1NzgzMDAyLTk0ZDctNDhmMS1hYmRiLTc5NjFlZjQ3YTE2Ni5qcGciLCJzbGlkZXNob3ciOiI1ZGYyOTNiIn0%3D\">\n\t\t\t\t\t<div class=\"e-gallery-image elementor-gallery-item__image\" data-thumbnail=\"https:\/\/punchuk.com\/wp-content\/uploads\/a5783002-94d7-48f1-abdb-7961ef47a166.jpg\" data-width=\"2000\" data-height=\"2000\" aria-label=\"\" role=\"img\" ><\/div>\n\t\t\t\t\t\t\t\t\t\t\t<div class=\"elementor-gallery-item__overlay\"><\/div>\n\t\t\t\t\t\t\t\t\t\t\t\t\t\t<\/a>\n\t\t\t\t\t\t\t<a class=\"e-gallery-item elementor-gallery-item elementor-animated-content\" href=\"https:\/\/punchuk.com\/wp-content\/uploads\/bff1a0a5-02e8-46d2-a89e-b51cd2abb2bd-scaled.jpg\" data-elementor-open-lightbox=\"yes\" data-elementor-lightbox-slideshow=\"5df293b\" data-elementor-lightbox-title=\"bff1a0a5-02e8-46d2-a89e-b51cd2abb2bd\" data-e-action-hash=\"#elementor-action%3Aaction%3Dlightbox%26settings%3DeyJpZCI6ODg3LCJ1cmwiOiJodHRwczpcL1wvcHVuY2h1ay5jb21cL3dwLWNvbnRlbnRcL3VwbG9hZHNcL2JmZjFhMGE1LTAyZTgtNDZkMi1hODllLWI1MWNkMmFiYjJiZC1zY2FsZWQuanBnIiwic2xpZGVzaG93IjoiNWRmMjkzYiJ9\">\n\t\t\t\t\t<div class=\"e-gallery-image elementor-gallery-item__image\" data-thumbnail=\"https:\/\/punchuk.com\/wp-content\/uploads\/bff1a0a5-02e8-46d2-a89e-b51cd2abb2bd-scaled.jpg\" data-width=\"2560\" data-height=\"1922\" aria-label=\"\" role=\"img\" ><\/div>\n\t\t\t\t\t\t\t\t\t\t\t<div class=\"elementor-gallery-item__overlay\"><\/div>\n\t\t\t\t\t\t\t\t\t\t\t\t\t\t<\/a>\n\t\t\t\t\t\t\t<a class=\"e-gallery-item elementor-gallery-item elementor-animated-content\" href=\"https:\/\/punchuk.com\/wp-content\/uploads\/f5698e9b-1692-4119-814c-2c08ca40bf93-1.jpg\" data-elementor-open-lightbox=\"yes\" data-elementor-lightbox-slideshow=\"5df293b\" data-elementor-lightbox-title=\"f5698e9b-1692-4119-814c-2c08ca40bf93\" data-e-action-hash=\"#elementor-action%3Aaction%3Dlightbox%26settings%3DeyJpZCI6ODg4LCJ1cmwiOiJodHRwczpcL1wvcHVuY2h1ay5jb21cL3dwLWNvbnRlbnRcL3VwbG9hZHNcL2Y1Njk4ZTliLTE2OTItNDExOS04MTRjLTJjMDhjYTQwYmY5My0xLmpwZyIsInNsaWRlc2hvdyI6IjVkZjI5M2IifQ%3D%3D\">\n\t\t\t\t\t<div class=\"e-gallery-image elementor-gallery-item__image\" data-thumbnail=\"https:\/\/punchuk.com\/wp-content\/uploads\/f5698e9b-1692-4119-814c-2c08ca40bf93-1.jpg\" data-width=\"2000\" data-height=\"2000\" aria-label=\"\" role=\"img\" ><\/div>\n\t\t\t\t\t\t\t\t\t\t\t<div class=\"elementor-gallery-item__overlay\"><\/div>\n\t\t\t\t\t\t\t\t\t\t\t\t\t\t<\/a>\n\t\t\t\t\t\t\t<a class=\"e-gallery-item elementor-gallery-item elementor-animated-content\" href=\"https:\/\/punchuk.com\/wp-content\/uploads\/5c9fc147-6fd9-4ca5-ae2a-4b130daf8833-scaled.jpg\" data-elementor-open-lightbox=\"yes\" data-elementor-lightbox-slideshow=\"5df293b\" data-elementor-lightbox-title=\"5c9fc147-6fd9-4ca5-ae2a-4b130daf8833\" data-e-action-hash=\"#elementor-action%3Aaction%3Dlightbox%26settings%3DeyJpZCI6ODg5LCJ1cmwiOiJodHRwczpcL1wvcHVuY2h1ay5jb21cL3dwLWNvbnRlbnRcL3VwbG9hZHNcLzVjOWZjMTQ3LTZmZDktNGNhNS1hZTJhLTRiMTMwZGFmODgzMy1zY2FsZWQuanBnIiwic2xpZGVzaG93IjoiNWRmMjkzYiJ9\">\n\t\t\t\t\t<div class=\"e-gallery-image elementor-gallery-item__image\" data-thumbnail=\"https:\/\/punchuk.com\/wp-content\/uploads\/5c9fc147-6fd9-4ca5-ae2a-4b130daf8833-scaled.jpg\" data-width=\"2560\" data-height=\"2560\" aria-label=\"\" role=\"img\" ><\/div>\n\t\t\t\t\t\t\t\t\t\t\t<div class=\"elementor-gallery-item__overlay\"><\/div>\n\t\t\t\t\t\t\t\t\t\t\t\t\t\t<\/a>\n\t\t\t\t\t<\/div>\n\t\t\t\t\t<\/div>\n\t\t\t\t\t<\/div>\n\t\t\t\t<\/div>\n\t\t\t\t<\/div>","protected":false},"excerpt":{"rendered":"<p>Description Material Aluminum alloy\uff081100\/3003\uff09 More material choice can contact with us Surface\u00a0Treatment Powder coating, Roll coating, \u00a0Fluorocarbon More surface treatment [&hellip;]<\/p>","protected":false},"featured_media":875,"comment_status":"open","ping_status":"closed","template":"","meta":{"site-sidebar-layout":"no-sidebar","site-content-layout":"","ast-site-content-layout":"full-width-container","site-content-style":"default","site-sidebar-style":"default","ast-global-header-display":"","ast-banner-title-visibility":"","ast-main-header-display":"","ast-hfb-above-header-display":"","ast-hfb-below-header-display":"","ast-hfb-mobile-header-display":"","site-post-title":"disabled","ast-breadcrumbs-content":"","ast-featured-img":"disabled","footer-sml-layout":"","theme-transparent-header-meta":"default","adv-header-id-meta":"","stick-header-meta":"","header-above-stick-meta":"","header-main-stick-meta":"","header-below-stick-meta":"","astra-migrate-meta-layouts":"set","ast-page-background-enabled":"default","ast-page-background-meta":{"desktop":{"background-color":"var(--ast-global-color-5)","background-image":"","background-repeat":"repeat","background-position":"center center","background-size":"auto","background-attachment":"scroll","background-type":"","background-media":"","overlay-type":"","overlay-color":"","overlay-opacity":"","overlay-gradient":""},"tablet":{"background-color":"","background-image":"","background-repeat":"repeat","background-position":"center center","background-size":"auto","background-attachment":"scroll","background-type":"","background-media":"","overlay-type":"","overlay-color":"","overlay-opacity":"","overlay-gradient":""},"mobile":{"background-color":"","background-image":"","background-repeat":"repeat","background-position":"center center","background-size":"auto","background-attachment":"scroll","background-type":"","background-media":"","overlay-type":"","overlay-color":"","overlay-opacity":"","overlay-gradient":""}},"ast-content-background-meta":{"desktop":{"background-color":"var(--ast-global-color-4)","background-image":"","background-repeat":"repeat","background-position":"center center","background-size":"auto","background-attachment":"scroll","background-type":"","background-media":"","overlay-type":"","overlay-color":"","overlay-opacity":"","overlay-gradient":""},"tablet":{"background-color":"var(--ast-global-color-4)","background-image":"","background-repeat":"repeat","background-position":"center center","background-size":"auto","background-attachment":"scroll","background-type":"","background-media":"","overlay-type":"","overlay-color":"","overlay-opacity":"","overlay-gradient":""},"mobile":{"background-color":"var(--ast-global-color-4)","background-image":"","background-repeat":"repeat","background-position":"center center","background-size":"auto","background-attachment":"scroll","background-type":"","background-media":"","overlay-type":"","overlay-color":"","overlay-opacity":"","overlay-gradient":""}}},"product_brand":[],"product_cat":[35,18],"product_tag":[40,38],"class_list":{"0":"post-873","1":"product","2":"type-product","3":"status-publish","4":"has-post-thumbnail","6":"product_cat-aluminum-3d-panel","7":"product_cat-aluminum-cladding-panel","8":"product_tag-aluminum-3d-panel","9":"product_tag-aluminum-solid-panel","10":"desktop-align-left","11":"tablet-align-left","12":"mobile-align-left","14":"first","15":"instock","16":"shipping-taxable","17":"product-type-simple"},"_links":{"self":[{"href":"https:\/\/punchuk.com\/es\/wp-json\/wp\/v2\/product\/873","targetHints":{"allow":["GET"]}}],"collection":[{"href":"https:\/\/punchuk.com\/es\/wp-json\/wp\/v2\/product"}],"about":[{"href":"https:\/\/punchuk.com\/es\/wp-json\/wp\/v2\/types\/product"}],"replies":[{"embeddable":true,"href":"https:\/\/punchuk.com\/es\/wp-json\/wp\/v2\/comments?post=873"}],"version-history":[{"count":0,"href":"https:\/\/punchuk.com\/es\/wp-json\/wp\/v2\/product\/873\/revisions"}],"wp:featuredmedia":[{"embeddable":true,"href":"https:\/\/punchuk.com\/es\/wp-json\/wp\/v2\/media\/875"}],"wp:attachment":[{"href":"https:\/\/punchuk.com\/es\/wp-json\/wp\/v2\/media?parent=873"}],"wp:term":[{"taxonomy":"product_brand","embeddable":true,"href":"https:\/\/punchuk.com\/es\/wp-json\/wp\/v2\/product_brand?post=873"},{"taxonomy":"product_cat","embeddable":true,"href":"https:\/\/punchuk.com\/es\/wp-json\/wp\/v2\/product_cat?post=873"},{"taxonomy":"product_tag","embeddable":true,"href":"https:\/\/punchuk.com\/es\/wp-json\/wp\/v2\/product_tag?post=873"}],"curies":[{"name":"wp","href":"https:\/\/api.w.org\/{rel}","templated":true}]}}