{"id":306,"date":"2025-04-09T16:27:05","date_gmt":"2025-04-09T08:27:05","guid":{"rendered":"https:\/\/punchuk.com\/?post_type=product&#038;p=306"},"modified":"2026-04-11T23:17:43","modified_gmt":"2026-04-11T15:17:43","slug":"lay-in-ceiling","status":"publish","type":"product","link":"https:\/\/punchuk.com\/vi\/san-pham\/lay-in-ceiling\/","title":{"rendered":"\u0110\u1eb7t tr\u00ean tr\u1ea7n nh\u00e0"},"content":{"rendered":"<div data-elementor-type=\"product-post\" data-elementor-id=\"306\" class=\"elementor elementor-306\" data-elementor-post-type=\"product\">\n\t\t\t\t<div class=\"elementor-element elementor-element-ff9e32b e-flex e-con-boxed e-con e-parent\" data-id=\"ff9e32b\" data-element_type=\"container\" data-e-type=\"container\">\n\t\t\t\t\t<div class=\"e-con-inner\">\n\t\t<div class=\"elementor-element elementor-element-78ad863 e-con-full e-flex e-con e-child\" data-id=\"78ad863\" data-element_type=\"container\" data-e-type=\"container\">\n\t\t\t\t<div class=\"elementor-element elementor-element-31663d6 elementor-widget__width-auto elementor-widget elementor-widget-heading\" data-id=\"31663d6\" data-element_type=\"widget\" data-e-type=\"widget\" data-widget_type=\"heading.default\">\n\t\t\t\t\t<h2 class=\"elementor-heading-title elementor-size-default\">S\u1ef1 mi\u00eau t\u1ea3<\/h2>\t\t\t\t<\/div>\n\t\t\t\t<\/div>\n\t\t\t\t<div class=\"elementor-element elementor-element-e24ec15 elementor-widget elementor-widget-text-editor\" data-id=\"e24ec15\" data-element_type=\"widget\" data-e-type=\"widget\" data-widget_type=\"text-editor.default\">\n\t\t\t\t\t\t\t\t\t<table><tbody><tr><td width=\"99\"><p>S\u1ea3n ph\u1ea9m<\/p><\/td><td width=\"307\"><p>\u0110\u1eb7t tr\u00ean tr\u1ea7n nh\u00e0<\/p><\/td><td width=\"239\"><p>\u00a0<\/p><\/td><\/tr><tr><td width=\"99\"><p>V\u1eadt li\u1ec7u<\/p><\/td><td width=\"307\"><p>H\u1ee3p kim nh\u00f4m\uff081100\/3003\uff09<\/p><\/td><td width=\"239\"><p>L\u1ef1a ch\u1ecdn v\u1eadt li\u1ec7u nhi\u1ec1u h\u01a1n c\u00f3 th\u1ec3 li\u00ean h\u1ec7 v\u1edbi ch\u00fang t\u00f4i<\/p><\/td><\/tr><tr><td width=\"99\"><p>X\u1eed l\u00fd b\u1ec1 m\u1eb7t<\/p><\/td><td width=\"307\"><p>S\u01a1n t\u0129nh \u0111i\u1ec7n, S\u01a1n cu\u1ed9n, Ph\u1ee7 phim<\/p><\/td><td width=\"239\"><p>X\u1eed l\u00fd b\u1ec1 m\u1eb7t nhi\u1ec1u h\u01a1n c\u00f3 th\u1ec3 li\u00ean h\u1ec7 v\u1edbi ch\u00fang t\u00f4i<\/p><\/td><\/tr><tr><td width=\"99\"><p>H\u00ecnh d\u1ea1ng<\/p><\/td><td width=\"307\"><p>Qu\u1ea3ng tr\u01b0\u1eddng<\/p><\/td><td width=\"239\"><p>\u00a0<\/p><\/td><\/tr><tr><td width=\"99\"><p>Gi\u1ea5y ch\u1ee9ng nh\u1eadn<\/p><\/td><td width=\"307\"><p>ISO, SGS<\/p><\/td><td width=\"239\"><p>\u00a0<\/p><\/td><\/tr><tr><td width=\"99\"><p>Chi ti\u1ebft \u0111\u00f3ng g\u00f3i<\/p><\/td><td width=\"307\"><p>Th\u00f9ng carton<\/p><\/td><td width=\"239\"><p>\u00a0<\/p><\/td><\/tr><tr><td width=\"99\"><p>Th\u1eddi gian d\u1eabn<\/p><\/td><td width=\"307\"><p>Kho\u1ea3ng 20 ng\u00e0y sau khi nh\u1eadn \u0111\u01b0\u1ee3c ti\u1ec1n \u0111\u1eb7t c\u1ecdc<\/p><\/td><td width=\"239\"><p>\u00a0<\/p><\/td><\/tr><tr><td width=\"99\"><p>\u1ee8ng d\u1ee5ng<\/p><\/td><td colspan=\"2\" width=\"547\"><p>Ch\u1ee7 y\u1ebfu \u0111\u01b0\u1ee3c s\u1eed d\u1ee5ng trong c\u00e1c d\u1ef1 \u00e1n k\u1ef9 thu\u1eadt di\u1ec7n t\u00edch l\u1edbn, ch\u1eb3ng h\u1ea1n nh\u01b0 si\u00eau th\u1ecb, ng\u00e2n h\u00e0ng, b\u1ec7nh vi\u1ec7n, ph\u00f2ng tri\u1ec3n l\u00e3m v\u00e0 nh\u1eefng n\u01a1i c\u00f4ng c\u1ed9ng kh\u00e1c<\/p><\/td><\/tr><tr><td width=\"99\"><p>L\u1ee3i th\u1ebf<\/p><\/td><td colspan=\"2\" width=\"547\"><p>V\u1edbi c\u1ea5u tr\u00fac linh ho\u1ea1t v\u00e0 v\u1ebb ngo\u00e0i \u0111\u1ed9c \u0111\u00e1o, tr\u1ea7n l\u1eafp gh\u00e9p s\u1edf h\u1eefu hi\u1ec7u \u1ee9ng ch\u1ee9c n\u0103ng v\u00e0 trang tr\u00ed m\u1ea1nh m\u1ebd. Tr\u1ea7n l\u1eafp gh\u00e9p c\u00f3 \u01b0u \u0111i\u1ec3m l\u00e0 \u1ed5n \u0111\u1ecbnh, d\u1ec5 l\u1eafp \u0111\u1eb7t v\u00e0 thay th\u1ebf, ch\u1ed1ng \u0103n m\u00f2n, ch\u1ed1ng \u1ea9m, h\u1ea5p th\u1ee5 \u00e2m thanh v\u00e0 ch\u1ed1ng ch\u00e1y.<\/p><\/td><\/tr><\/tbody><\/table>\t\t\t\t\t\t\t\t<\/div>\n\t\t<div class=\"elementor-element elementor-element-a63bbce e-con-full e-flex e-con e-child\" data-id=\"a63bbce\" data-element_type=\"container\" data-e-type=\"container\">\n\t\t\t\t<div class=\"elementor-element elementor-element-55d7b42 elementor-widget__width-auto elementor-widget elementor-widget-heading\" data-id=\"55d7b42\" data-element_type=\"widget\" data-e-type=\"widget\" data-widget_type=\"heading.default\">\n\t\t\t\t\t<h2 class=\"elementor-heading-title elementor-size-default\">Th\u00f4ng s\u1ed1 k\u1ef9 thu\u1eadt s\u1ea3n ph\u1ea9m<\/h2>\t\t\t\t<\/div>\n\t\t\t\t<\/div>\n\t\t\t\t<div class=\"elementor-element elementor-element-191bcfd elementor-widget elementor-widget-text-editor\" data-id=\"191bcfd\" data-element_type=\"widget\" data-e-type=\"widget\" data-widget_type=\"text-editor.default\">\n\t\t\t\t\t\t\t\t\t<table>\n<tbody>\n<tr>\n<td width=\"117\">Tr\u1ee9ng<strong>k\u00edch th\u01b0\u1edbc t\u1ed5ng th\u1ec3 (mm)<\/strong><\/td>\n<td width=\"148\"><strong>K\u00edch th\u01b0\u1edbc hi\u1ec3n th\u1ecb (mm)<\/strong><\/td>\n<td width=\"112\"><strong>\u0110\u1ed9 d\u00e0y (mm)<\/strong><\/td>\n<td width=\"147\"><strong>Chi\u1ec1u cao b\u00ean (mm)<\/strong><\/td>\n<td width=\"126\"><strong>Lo\u1ea1i c\u1ea1nh<\/strong><\/td>\n<\/tr>\n<tr>\n<td width=\"117\">595*595<\/td>\n<td width=\"148\">585*585<\/td>\n<td width=\"112\">0.5-1.0<\/td>\n<td width=\"147\">4.5\u30018\u30019\u300110<\/td>\n<td width=\"126\">C\u1ea1nh vu\u00f4ng<\/td>\n<\/tr>\n<tr>\n<td width=\"117\">603*603<\/td>\n<td width=\"148\">585*585<\/td>\n<td width=\"112\">&nbsp;<\/td>\n<td width=\"147\">&nbsp;<\/td>\n<td width=\"126\">&nbsp;<\/td>\n<\/tr>\n<tr>\n<td width=\"117\">595*595<\/td>\n<td width=\"148\">575*575<\/td>\n<td width=\"112\">&nbsp;<\/td>\n<td width=\"147\">&nbsp;<\/td>\n<td width=\"126\">&nbsp;<\/td>\n<\/tr>\n\n<\/tbody>\n<\/table>\t\t\t\t\t\t\t\t<\/div>\n\t\t<div class=\"elementor-element elementor-element-1be554a e-con-full e-flex e-con e-child\" data-id=\"1be554a\" data-element_type=\"container\" data-e-type=\"container\">\n\t\t\t\t<div class=\"elementor-element elementor-element-eb90c7d elementor-widget__width-auto elementor-widget elementor-widget-heading\" data-id=\"eb90c7d\" data-element_type=\"widget\" data-e-type=\"widget\" data-widget_type=\"heading.default\">\n\t\t\t\t\t<h2 class=\"elementor-heading-title elementor-size-default\">C\u00e0i \u0111\u1eb7t<\/h2>\t\t\t\t<\/div>\n\t\t\t\t<\/div>\n\t\t\t\t<div class=\"elementor-element elementor-element-d4d1f84 elementor-widget elementor-widget-text-editor\" data-id=\"d4d1f84\" data-element_type=\"widget\" data-e-type=\"widget\" data-widget_type=\"text-editor.default\">\n\t\t\t\t\t\t\t\t\t<ol><li>Theo c\u00f9ng \u0111\u1ed9 cao, l\u1eafp g\u00f3c t\u01b0\u1eddng;<\/li><li>L\u1eafp \u0111\u1eb7t thanh treo ch\u00ednh c\u00f9ng v\u1edbi thanh treo v\u00e0 c\u00e1c b\u1ed9 ph\u1eadn treo.<\/li><li>L\u1eafp thanh s\u1ed1ng thuy\u1ec1n ph\u1ee5 v\u00e0o thanh s\u1ed1ng thuy\u1ec1n ch\u00ednh, \u0111i\u1ec1u ch\u1ec9nh \u0111\u1ebfn c\u00f9ng \u0111\u1ed9 cao.<\/li><li>\u0110\u1eb7t t\u1ea5m tr\u1ea7n v\u00e0o h\u00ecnh vu\u00f4ng.<\/li><\/ol>\t\t\t\t\t\t\t\t<\/div>\n\t\t\t\t<div class=\"elementor-element elementor-element-0850126 elementor-widget elementor-widget-image\" data-id=\"0850126\" data-element_type=\"widget\" data-e-type=\"widget\" data-widget_type=\"image.default\">\n\t\t\t\t\t\t\t\t\t\t\t\t\t\t\t<img fetchpriority=\"high\" decoding=\"async\" width=\"1920\" height=\"1707\" src=\"https:\/\/punchuk.com\/wp-content\/uploads\/Lay-in-Ceiling-Product-4.jpg\" class=\"attachment-large size-large wp-image-329\" alt=\"\" srcset=\"https:\/\/punchuk.com\/wp-content\/uploads\/Lay-in-Ceiling-Product-4.jpg 1920w, https:\/\/punchuk.com\/wp-content\/uploads\/Lay-in-Ceiling-Product-4-768x683.jpg 768w, https:\/\/punchuk.com\/wp-content\/uploads\/Lay-in-Ceiling-Product-4-1536x1366.jpg 1536w, https:\/\/punchuk.com\/wp-content\/uploads\/Lay-in-Ceiling-Product-4-300x267.jpg 300w, https:\/\/punchuk.com\/wp-content\/uploads\/Lay-in-Ceiling-Product-4-600x533.jpg 600w\" sizes=\"(max-width: 1920px) 100vw, 1920px\" \/>\t\t\t\t\t\t\t\t\t\t\t\t\t\t\t<\/div>\n\t\t<div class=\"elementor-element elementor-element-d5d1fe1 e-con-full e-flex e-con e-child\" data-id=\"d5d1fe1\" data-element_type=\"container\" data-e-type=\"container\">\n\t\t\t\t<div class=\"elementor-element elementor-element-5542171 elementor-widget__width-auto elementor-widget elementor-widget-heading\" data-id=\"5542171\" data-element_type=\"widget\" data-e-type=\"widget\" data-widget_type=\"heading.default\">\n\t\t\t\t\t<h2 class=\"elementor-heading-title elementor-size-default\">V\u00ed d\u1ee5<\/h2>\t\t\t\t<\/div>\n\t\t\t\t<\/div>\n\t\t\t\t<div class=\"elementor-element elementor-element-5df293b elementor-widget elementor-widget-gallery\" data-id=\"5df293b\" data-element_type=\"widget\" data-e-type=\"widget\" data-settings=\"{&quot;gallery_layout&quot;:&quot;justified&quot;,&quot;ideal_row_height&quot;:{&quot;unit&quot;:&quot;px&quot;,&quot;size&quot;:300,&quot;sizes&quot;:[]},&quot;lazyload&quot;:&quot;yes&quot;,&quot;ideal_row_height_tablet&quot;:{&quot;unit&quot;:&quot;px&quot;,&quot;size&quot;:150,&quot;sizes&quot;:[]},&quot;ideal_row_height_mobile&quot;:{&quot;unit&quot;:&quot;px&quot;,&quot;size&quot;:150,&quot;sizes&quot;:[]},&quot;gap&quot;:{&quot;unit&quot;:&quot;px&quot;,&quot;size&quot;:10,&quot;sizes&quot;:[]},&quot;gap_tablet&quot;:{&quot;unit&quot;:&quot;px&quot;,&quot;size&quot;:10,&quot;sizes&quot;:[]},&quot;gap_mobile&quot;:{&quot;unit&quot;:&quot;px&quot;,&quot;size&quot;:10,&quot;sizes&quot;:[]},&quot;link_to&quot;:&quot;file&quot;,&quot;overlay_background&quot;:&quot;yes&quot;,&quot;content_hover_animation&quot;:&quot;fade-in&quot;}\" data-widget_type=\"gallery.default\">\n\t\t\t\t\t\t\t<div class=\"elementor-gallery__container\">\n\t\t\t\t\t\t\t<a class=\"e-gallery-item elementor-gallery-item elementor-animated-content\" href=\"https:\/\/punchuk.com\/wp-content\/uploads\/Lay-in-Ceiling-1.jpg\" data-elementor-open-lightbox=\"yes\" data-elementor-lightbox-slideshow=\"5df293b\" data-elementor-lightbox-title=\"Lay in Ceiling (1)\" data-e-action-hash=\"#elementor-action%3Aaction%3Dlightbox%26settings%3DeyJpZCI6MzMxLCJ1cmwiOiJodHRwczpcL1wvcHVuY2h1ay5jb21cL3dwLWNvbnRlbnRcL3VwbG9hZHNcL0xheS1pbi1DZWlsaW5nLTEuanBnIiwic2xpZGVzaG93IjoiNWRmMjkzYiJ9\">\n\t\t\t\t\t<div class=\"e-gallery-image elementor-gallery-item__image\" data-thumbnail=\"https:\/\/punchuk.com\/wp-content\/uploads\/Lay-in-Ceiling-1.jpg\" data-width=\"1920\" data-height=\"1327\" aria-label=\"\" role=\"img\" ><\/div>\n\t\t\t\t\t\t\t\t\t\t\t<div class=\"elementor-gallery-item__overlay\"><\/div>\n\t\t\t\t\t\t\t\t\t\t\t\t\t\t<\/a>\n\t\t\t\t\t\t\t<a class=\"e-gallery-item elementor-gallery-item elementor-animated-content\" href=\"https:\/\/punchuk.com\/wp-content\/uploads\/Lay-in-Ceiling-2.jpg\" data-elementor-open-lightbox=\"yes\" data-elementor-lightbox-slideshow=\"5df293b\" data-elementor-lightbox-title=\"Lay in Ceiling (2)\" data-e-action-hash=\"#elementor-action%3Aaction%3Dlightbox%26settings%3DeyJpZCI6MzMyLCJ1cmwiOiJodHRwczpcL1wvcHVuY2h1ay5jb21cL3dwLWNvbnRlbnRcL3VwbG9hZHNcL0xheS1pbi1DZWlsaW5nLTIuanBnIiwic2xpZGVzaG93IjoiNWRmMjkzYiJ9\">\n\t\t\t\t\t<div class=\"e-gallery-image elementor-gallery-item__image\" data-thumbnail=\"https:\/\/punchuk.com\/wp-content\/uploads\/Lay-in-Ceiling-2.jpg\" data-width=\"1920\" data-height=\"992\" aria-label=\"\" role=\"img\" ><\/div>\n\t\t\t\t\t\t\t\t\t\t\t<div class=\"elementor-gallery-item__overlay\"><\/div>\n\t\t\t\t\t\t\t\t\t\t\t\t\t\t<\/a>\n\t\t\t\t\t<\/div>\n\t\t\t\t\t<\/div>\n\t\t\t\t\t<\/div>\n\t\t\t\t<\/div>\n\t\t\t\t<\/div>","protected":false},"excerpt":{"rendered":"<p>&lt;h2&gt;Description&lt;\/h2&gt; &lt;table&gt; &lt;tbody&gt; &lt;tr&gt; &lt;td width=&#8221;99&#8243;&gt;Product&lt;\/td&gt; &lt;td width=&#8221;307&#8243;&gt;Lay\u00a0in Ceiling&lt;\/td&gt; &lt;td width=&#8221;239&#8243;&gt;&lt;\/td&gt; &lt;\/tr&gt; &lt;tr&gt; &lt;td width=&#8221;99&#8243;&gt;Material&lt;\/td&gt; &lt;td width=&#8221;307&#8243;&gt;Aluminum alloy\uff081100\/3003\uff09&lt;\/td&gt; &lt;td width=&#8221;239&#8243;&gt;More [&hellip;]<\/p>\n","protected":false},"featured_media":371,"comment_status":"closed","ping_status":"closed","template":"","meta":{"site-sidebar-layout":"default","site-content-layout":"","ast-site-content-layout":"default","site-content-style":"default","site-sidebar-style":"default","ast-global-header-display":"","ast-banner-title-visibility":"","ast-main-header-display":"disabled","ast-hfb-above-header-display":"","ast-hfb-below-header-display":"","ast-hfb-mobile-header-display":"disabled","site-post-title":"disabled","ast-breadcrumbs-content":"disabled","ast-featured-img":"disabled","footer-sml-layout":"disabled","ast-disable-related-posts":"","theme-transparent-header-meta":"default","adv-header-id-meta":"","stick-header-meta":"","header-above-stick-meta":"","header-main-stick-meta":"","header-below-stick-meta":"","astra-migrate-meta-layouts":"set","ast-page-background-enabled":"default","ast-page-background-meta":{"desktop":{"background-color":"var(--ast-global-color-5)","background-image":"","background-repeat":"repeat","background-position":"center center","background-size":"auto","background-attachment":"scroll","background-type":"","background-media":"","overlay-type":"","overlay-color":"","overlay-opacity":"","overlay-gradient":""},"tablet":{"background-color":"","background-image":"","background-repeat":"repeat","background-position":"center center","background-size":"auto","background-attachment":"scroll","background-type":"","background-media":"","overlay-type":"","overlay-color":"","overlay-opacity":"","overlay-gradient":""},"mobile":{"background-color":"","background-image":"","background-repeat":"repeat","background-position":"center center","background-size":"auto","background-attachment":"scroll","background-type":"","background-media":"","overlay-type":"","overlay-color":"","overlay-opacity":"","overlay-gradient":""}},"ast-content-background-meta":{"desktop":{"background-color":"var(--ast-global-color-4)","background-image":"","background-repeat":"repeat","background-position":"center center","background-size":"auto","background-attachment":"scroll","background-type":"","background-media":"","overlay-type":"","overlay-color":"","overlay-opacity":"","overlay-gradient":""},"tablet":{"background-color":"var(--ast-global-color-4)","background-image":"","background-repeat":"repeat","background-position":"center center","background-size":"auto","background-attachment":"scroll","background-type":"","background-media":"","overlay-type":"","overlay-color":"","overlay-opacity":"","overlay-gradient":""},"mobile":{"background-color":"var(--ast-global-color-4)","background-image":"","background-repeat":"repeat","background-position":"center center","background-size":"auto","background-attachment":"scroll","background-type":"","background-media":"","overlay-type":"","overlay-color":"","overlay-opacity":"","overlay-gradient":""}}},"product_brand":[],"product_cat":[20],"product_tag":[],"class_list":{"0":"post-306","1":"product","2":"type-product","3":"status-publish","4":"has-post-thumbnail","6":"product_cat-aluminum-metal-ceiling","7":"desktop-align-left","8":"tablet-align-left","9":"mobile-align-left","11":"first","12":"instock","13":"sold-individually","14":"shipping-taxable","15":"product-type-simple"},"yoast_head":"<!-- This site is optimized with the Yoast SEO plugin v27.3 - https:\/\/yoast.com\/product\/yoast-seo-wordpress\/ -->\n<title>Aluminum Lay-in Ceiling Panel | Suspended Ceiling System - Punchuk<\/title>\n<meta name=\"description\" content=\"Professional aluminum lay-in ceiling panels for suspended ceiling systems. Lightweight, fire-rated, easy maintenance. Various sizes and finishes from Punchuk factory.\" \/>\n<meta name=\"robots\" content=\"index, follow, max-snippet:-1, max-image-preview:large, max-video-preview:-1\" \/>\n<link rel=\"canonical\" href=\"https:\/\/punchuk.com\/vi\/san-pham\/lay-in-ceiling\/\" \/>\n<meta property=\"og:locale\" content=\"vi_VN\" \/>\n<meta property=\"og:type\" content=\"article\" \/>\n<meta property=\"og:title\" content=\"Aluminum Lay-in Ceiling Panel | Suspended Ceiling System - Punchuk\" \/>\n<meta property=\"og:description\" content=\"Professional aluminum lay-in ceiling panels for suspended ceiling systems. Lightweight, fire-rated, easy maintenance. Various sizes and finishes from Punchuk factory.\" \/>\n<meta property=\"og:url\" content=\"https:\/\/punchuk.com\/vi\/san-pham\/lay-in-ceiling\/\" \/>\n<meta property=\"og:site_name\" content=\"Punchuk\" \/>\n<meta property=\"article:modified_time\" content=\"2026-04-11T15:17:43+00:00\" \/>\n<meta property=\"og:image\" content=\"https:\/\/punchuk.com\/wp-content\/uploads\/380X380-2.jpg\" \/>\n\t<meta property=\"og:image:width\" content=\"380\" \/>\n\t<meta property=\"og:image:height\" content=\"380\" \/>\n\t<meta property=\"og:image:type\" content=\"image\/jpeg\" \/>\n<meta name=\"twitter:card\" content=\"summary_large_image\" \/>\n<meta name=\"twitter:label1\" content=\"\u01af\u1edbc t\u00ednh th\u1eddi gian \u0111\u1ecdc\" \/>\n\t<meta name=\"twitter:data1\" content=\"2 ph\u00fat\" \/>\n<script type=\"application\/ld+json\" class=\"yoast-schema-graph\">{\"@context\":\"https:\\\/\\\/schema.org\",\"@graph\":[{\"@type\":\"WebPage\",\"@id\":\"https:\\\/\\\/punchuk.com\\\/product\\\/lay-in-ceiling\\\/\",\"url\":\"https:\\\/\\\/punchuk.com\\\/product\\\/lay-in-ceiling\\\/\",\"name\":\"Aluminum Lay-in Ceiling Panel | Suspended Ceiling System - Punchuk\",\"isPartOf\":{\"@id\":\"https:\\\/\\\/punchuk.com\\\/#website\"},\"primaryImageOfPage\":{\"@id\":\"https:\\\/\\\/punchuk.com\\\/product\\\/lay-in-ceiling\\\/#primaryimage\"},\"image\":{\"@id\":\"https:\\\/\\\/punchuk.com\\\/product\\\/lay-in-ceiling\\\/#primaryimage\"},\"thumbnailUrl\":\"https:\\\/\\\/punchuk.com\\\/wp-content\\\/uploads\\\/380X380-2.jpg\",\"datePublished\":\"2025-04-09T08:27:05+00:00\",\"dateModified\":\"2026-04-11T15:17:43+00:00\",\"description\":\"Professional aluminum lay-in ceiling panels for suspended ceiling systems. Lightweight, fire-rated, easy maintenance. Various sizes and finishes from Punchuk factory.\",\"breadcrumb\":{\"@id\":\"https:\\\/\\\/punchuk.com\\\/product\\\/lay-in-ceiling\\\/#breadcrumb\"},\"inLanguage\":\"vi\",\"potentialAction\":[{\"@type\":\"ReadAction\",\"target\":[\"https:\\\/\\\/punchuk.com\\\/product\\\/lay-in-ceiling\\\/\"]}]},{\"@type\":\"ImageObject\",\"inLanguage\":\"vi\",\"@id\":\"https:\\\/\\\/punchuk.com\\\/product\\\/lay-in-ceiling\\\/#primaryimage\",\"url\":\"https:\\\/\\\/punchuk.com\\\/wp-content\\\/uploads\\\/380X380-2.jpg\",\"contentUrl\":\"https:\\\/\\\/punchuk.com\\\/wp-content\\\/uploads\\\/380X380-2.jpg\",\"width\":380,\"height\":380},{\"@type\":\"BreadcrumbList\",\"@id\":\"https:\\\/\\\/punchuk.com\\\/product\\\/lay-in-ceiling\\\/#breadcrumb\",\"itemListElement\":[{\"@type\":\"ListItem\",\"position\":1,\"name\":\"\u9996\u9875\",\"item\":\"https:\\\/\\\/punchuk.com\\\/\"},{\"@type\":\"ListItem\",\"position\":2,\"name\":\"\u4ea7\u54c1\",\"item\":\"https:\\\/\\\/punchuk.com\\\/shop\\\/\"},{\"@type\":\"ListItem\",\"position\":3,\"name\":\"Lay in Ceiling\"}]},{\"@type\":\"WebSite\",\"@id\":\"https:\\\/\\\/punchuk.com\\\/#website\",\"url\":\"https:\\\/\\\/punchuk.com\\\/\",\"name\":\"PunchukPunchuk - Solid Aluminum Panel Maufacturer\",\"description\":\"Premium Solid Aluminum Panel Factory in China | Custom Aluminium Facade Cladding for Global Projects\",\"publisher\":{\"@id\":\"https:\\\/\\\/punchuk.com\\\/#organization\"},\"potentialAction\":[{\"@type\":\"SearchAction\",\"target\":{\"@type\":\"EntryPoint\",\"urlTemplate\":\"https:\\\/\\\/punchuk.com\\\/?s={search_term_string}\"},\"query-input\":{\"@type\":\"PropertyValueSpecification\",\"valueRequired\":true,\"valueName\":\"search_term_string\"}}],\"inLanguage\":\"vi\"},{\"@type\":\"Organization\",\"@id\":\"https:\\\/\\\/punchuk.com\\\/#organization\",\"name\":\"Punchuk\",\"url\":\"https:\\\/\\\/punchuk.com\\\/\",\"logo\":{\"@type\":\"ImageObject\",\"inLanguage\":\"vi\",\"@id\":\"https:\\\/\\\/punchuk.com\\\/#\\\/schema\\\/logo\\\/image\\\/\",\"url\":\"https:\\\/\\\/punchuk.com\\\/wp-content\\\/uploads\\\/Brand-LOGO.png\",\"contentUrl\":\"https:\\\/\\\/punchuk.com\\\/wp-content\\\/uploads\\\/Brand-LOGO.png\",\"width\":788,\"height\":150,\"caption\":\"Punchuk\"},\"image\":{\"@id\":\"https:\\\/\\\/punchuk.com\\\/#\\\/schema\\\/logo\\\/image\\\/\"}}]}<\/script>\n<!-- \/ Yoast SEO plugin. -->","yoast_head_json":{"title":"Aluminum Lay-in Ceiling Panel | Suspended Ceiling System - Punchuk","description":"Professional aluminum lay-in ceiling panels for suspended ceiling systems. Lightweight, fire-rated, easy maintenance. Various sizes and finishes from Punchuk factory.","robots":{"index":"index","follow":"follow","max-snippet":"max-snippet:-1","max-image-preview":"max-image-preview:large","max-video-preview":"max-video-preview:-1"},"canonical":"https:\/\/punchuk.com\/vi\/san-pham\/lay-in-ceiling\/","og_locale":"vi_VN","og_type":"article","og_title":"Aluminum Lay-in Ceiling Panel | Suspended Ceiling System - Punchuk","og_description":"Professional aluminum lay-in ceiling panels for suspended ceiling systems. Lightweight, fire-rated, easy maintenance. Various sizes and finishes from Punchuk factory.","og_url":"https:\/\/punchuk.com\/vi\/san-pham\/lay-in-ceiling\/","og_site_name":"Punchuk","article_modified_time":"2026-04-11T15:17:43+00:00","og_image":[{"width":380,"height":380,"url":"https:\/\/punchuk.com\/wp-content\/uploads\/380X380-2.jpg","type":"image\/jpeg"}],"twitter_card":"summary_large_image","twitter_misc":{"\u01af\u1edbc t\u00ednh th\u1eddi gian \u0111\u1ecdc":"2 ph\u00fat"},"schema":{"@context":"https:\/\/schema.org","@graph":[{"@type":"WebPage","@id":"https:\/\/punchuk.com\/product\/lay-in-ceiling\/","url":"https:\/\/punchuk.com\/product\/lay-in-ceiling\/","name":"Aluminum Lay-in Ceiling Panel | Suspended Ceiling System - Punchuk","isPartOf":{"@id":"https:\/\/punchuk.com\/#website"},"primaryImageOfPage":{"@id":"https:\/\/punchuk.com\/product\/lay-in-ceiling\/#primaryimage"},"image":{"@id":"https:\/\/punchuk.com\/product\/lay-in-ceiling\/#primaryimage"},"thumbnailUrl":"https:\/\/punchuk.com\/wp-content\/uploads\/380X380-2.jpg","datePublished":"2025-04-09T08:27:05+00:00","dateModified":"2026-04-11T15:17:43+00:00","description":"Professional aluminum lay-in ceiling panels for suspended ceiling systems. Lightweight, fire-rated, easy maintenance. Various sizes and finishes from Punchuk factory.","breadcrumb":{"@id":"https:\/\/punchuk.com\/product\/lay-in-ceiling\/#breadcrumb"},"inLanguage":"vi","potentialAction":[{"@type":"ReadAction","target":["https:\/\/punchuk.com\/product\/lay-in-ceiling\/"]}]},{"@type":"ImageObject","inLanguage":"vi","@id":"https:\/\/punchuk.com\/product\/lay-in-ceiling\/#primaryimage","url":"https:\/\/punchuk.com\/wp-content\/uploads\/380X380-2.jpg","contentUrl":"https:\/\/punchuk.com\/wp-content\/uploads\/380X380-2.jpg","width":380,"height":380},{"@type":"BreadcrumbList","@id":"https:\/\/punchuk.com\/product\/lay-in-ceiling\/#breadcrumb","itemListElement":[{"@type":"ListItem","position":1,"name":"\u9996\u9875","item":"https:\/\/punchuk.com\/"},{"@type":"ListItem","position":2,"name":"\u4ea7\u54c1","item":"https:\/\/punchuk.com\/shop\/"},{"@type":"ListItem","position":3,"name":"Lay in Ceiling"}]},{"@type":"WebSite","@id":"https:\/\/punchuk.com\/#website","url":"https:\/\/punchuk.com\/","name":"PunchukPunchuk - Solid Aluminum Panel Maufacturer","description":"Premium Solid Aluminum Panel Factory in China | Custom Aluminium Facade Cladding for Global Projects","publisher":{"@id":"https:\/\/punchuk.com\/#organization"},"potentialAction":[{"@type":"SearchAction","target":{"@type":"EntryPoint","urlTemplate":"https:\/\/punchuk.com\/?s={search_term_string}"},"query-input":{"@type":"PropertyValueSpecification","valueRequired":true,"valueName":"search_term_string"}}],"inLanguage":"vi"},{"@type":"Organization","@id":"https:\/\/punchuk.com\/#organization","name":"Punchuk","url":"https:\/\/punchuk.com\/","logo":{"@type":"ImageObject","inLanguage":"vi","@id":"https:\/\/punchuk.com\/#\/schema\/logo\/image\/","url":"https:\/\/punchuk.com\/wp-content\/uploads\/Brand-LOGO.png","contentUrl":"https:\/\/punchuk.com\/wp-content\/uploads\/Brand-LOGO.png","width":788,"height":150,"caption":"Punchuk"},"image":{"@id":"https:\/\/punchuk.com\/#\/schema\/logo\/image\/"}}]}},"_links":{"self":[{"href":"https:\/\/punchuk.com\/vi\/wp-json\/wp\/v2\/product\/306","targetHints":{"allow":["GET"]}}],"collection":[{"href":"https:\/\/punchuk.com\/vi\/wp-json\/wp\/v2\/product"}],"about":[{"href":"https:\/\/punchuk.com\/vi\/wp-json\/wp\/v2\/types\/product"}],"replies":[{"embeddable":true,"href":"https:\/\/punchuk.com\/vi\/wp-json\/wp\/v2\/comments?post=306"}],"version-history":[{"count":15,"href":"https:\/\/punchuk.com\/vi\/wp-json\/wp\/v2\/product\/306\/revisions"}],"predecessor-version":[{"id":1141,"href":"https:\/\/punchuk.com\/vi\/wp-json\/wp\/v2\/product\/306\/revisions\/1141"}],"wp:featuredmedia":[{"embeddable":true,"href":"https:\/\/punchuk.com\/vi\/wp-json\/wp\/v2\/media\/371"}],"wp:attachment":[{"href":"https:\/\/punchuk.com\/vi\/wp-json\/wp\/v2\/media?parent=306"}],"wp:term":[{"taxonomy":"product_brand","embeddable":true,"href":"https:\/\/punchuk.com\/vi\/wp-json\/wp\/v2\/product_brand?post=306"},{"taxonomy":"product_cat","embeddable":true,"href":"https:\/\/punchuk.com\/vi\/wp-json\/wp\/v2\/product_cat?post=306"},{"taxonomy":"product_tag","embeddable":true,"href":"https:\/\/punchuk.com\/vi\/wp-json\/wp\/v2\/product_tag?post=306"}],"curies":[{"name":"trang web","href":"https:\/\/api.w.org\/{rel}","templated":true}]}}